{"id":146,"date":"2020-06-18T11:08:45","date_gmt":"2020-06-18T09:08:45","guid":{"rendered":"http:\/\/www.astronomieschule.de\/museum\/?page_id=146"},"modified":"2020-07-08T12:51:56","modified_gmt":"2020-07-08T10:51:56","slug":"lego-in-space","status":"publish","type":"page","link":"https:\/\/www.astronomieschule.de\/museum\/lego-in-space\/","title":{"rendered":"Lego in Space"},"content":{"rendered":"\n<h2><strong>Raumfahrtgeschichte mit Lego erz\u00e4hlt.<\/strong><\/h2>\n\n\n\n<p>Lego in Space ist eine Ausstellung, mit der wir die Raumfahrtgeschichte anhand verschiedener Legomodelle erz\u00e4hlen. Seit 1973 hat hat die d\u00e4nische Spielzeugfirma Lego immer wieder die Raumfahrt in ihr Programm aufgegriffen, sei es mit futuristschen Modellen oder mit solchen an der realen Raumfahrt angelehnten Modellen. Die Apollo Mondlandungen, Space Shuttle, die Marsforschung oder die ISS sind die Themen der Raumfahrt, die von Lego immer mal wieder aufgegriffen und in Modellen als Spielmotiv umgesetzt werden. Wir zeigen hier Modelle aus den letzten 5 Jahrzehnten.<\/p>\n\n\n\n<figure class=\"wp-block-image\"><img loading=\"lazy\" width=\"1024\" height=\"768\" src=\"https:\/\/www.astronomieschule.de\/museum\/wp-content\/uploads\/2020\/06\/20180908_105958-1024x768.jpg\" alt=\"\" class=\"wp-image-148\" srcset=\"https:\/\/www.astronomieschule.de\/museum\/wp-content\/uploads\/2020\/06\/20180908_105958-1024x768.jpg 1024w, https:\/\/www.astronomieschule.de\/museum\/wp-content\/uploads\/2020\/06\/20180908_105958-300x225.jpg 300w, https:\/\/www.astronomieschule.de\/museum\/wp-content\/uploads\/2020\/06\/20180908_105958-768x576.jpg 768w\" sizes=\"(max-width: 1024px) 100vw, 1024px\" \/><figcaption>Das Apollo Mondlandungsprogramm der NASA wurde von Lego erstmals in Modellen 1973 und 1975 thematisiert.<\/figcaption><\/figure>\n\n\n\n<p>Erstmal 1973 griff Lego die Raumfahrt auf und bracht ein Modell auf den Markt. Seitdem ist die Raumfahrt, sei es bemannt oder unbemannt immer wieder Thema von Spielsets. Bekannt und sehr beliebt unter den Fans ist die 1978 in den USA und 1979 in Europa erschienene Weltraum Classic Serie mit ihren futuristischen Modellen. Mit diesen Modellen konnte man Mond- und Planetenbasen erbauen und fremde Welten erforschen. Anfang der 1990&#8217;er Jahre wurde das NASA Space Shuttle Program aufgegriffen und in Modellen umgesetzt. Das Space Shuttle erscheint immer wieder in Legosets. Mitte der 2000&#8217;er Jahre wurde die bemannte Raumfahrt mit einem Modell der ISS und die robotische Erforschung des Sonnensystem mit einigen Set zur Marsforschung thematisiert. Mit Lego Ideas und Lego Creator nutzen Raumfahrtfans die Chance eigene Modelle der aktuellen Raumfahrt zu erschaffen, die dann von Lego umgesetzt werden k\u00f6nnen. <br>Unsere Lego Modellsammlung haben wir in die Themenfelder Apollo, Space Shuttle, ISS, Robotmissionen und Zukunftsvisionen unterteilt. <br>Die Weltraum Classic Serie ist hier kein Teil dieser Ausstellung.<br><\/p>\n\n\n\n<h2>Die Apollo \u00c4ra<\/h2>\n\n\n\n<figure class=\"wp-block-image\"><img loading=\"lazy\" width=\"768\" height=\"1024\" src=\"https:\/\/www.astronomieschule.de\/museum\/wp-content\/uploads\/2019\/02\/20190202_083554-768x1024.jpg\" alt=\"\" class=\"wp-image-92\" srcset=\"https:\/\/www.astronomieschule.de\/museum\/wp-content\/uploads\/2019\/02\/20190202_083554-768x1024.jpg 768w, https:\/\/www.astronomieschule.de\/museum\/wp-content\/uploads\/2019\/02\/20190202_083554-225x300.jpg 225w, https:\/\/www.astronomieschule.de\/museum\/wp-content\/uploads\/2019\/02\/20190202_083554-1200x1600.jpg 1200w\" sizes=\"(max-width: 768px) 100vw, 768px\" \/><figcaption>Missionsabzeichen der Apollo Missionen.<\/figcaption><\/figure>\n\n\n\n<p>Es war ein kleiner Schritt f\u00fcr einen Menschen aber ein gro\u00dfer Sprung f\u00fcr die Menschheit, die erste Landung von Menschen auf dem Mond am 20. Juli 1969. Im Meer der Ruhe (Mare Tranquillitatis) setzte am 20 Juli 1969 um 21:17 Uhr MEZ die Apollo Mondlandef\u00e4hre Eagle (Adler) auf. Gut sechs Stunden sp\u00e4ter betrat NASA Astronaut Neil Armstrong, Kommandant der Apollo 11 Mission, als erster Mensch den Mond. Im folgte rund 20 Minuten sp\u00e4ter Astronaut Buzz Aldrin als zweiter Mensch. <br>10 weitere Astronauten der NASA sollten im weiteren Verlauf des 1961 initierten Apollo Mondlandungsprograms auf dem Mond landen und diesen untersuchen. Am 14. Dezember 1972 verlie\u00df Eugene Cernan um 6:40 MEZ als letzter Astronaut den Mond. Seitdem hat kein Mensch mehr den Mond betreten.<\/p>\n\n\n\n<p>1973 brachte Lego ein Spielset heraus um an die Mondlandungen zu erinnern. Eine Raketenstation mit Rakete, Startturm und Kontrollzentrum, sowie Manschaftstransporter waren Bestandteil des Sets mit der Nummer 358. 1975 folgte ein Set die die Mondlandef\u00e4hre zeigte. Drei Astronauten, der Mondrover, Experimente und das Sternbanner waren Teil des Sets (Nr. 367).<\/p>\n\n\n\n<figure class=\"wp-block-image\"><img loading=\"lazy\" width=\"866\" height=\"1024\" src=\"https:\/\/www.astronomieschule.de\/museum\/wp-content\/uploads\/2020\/06\/LegoinSpace-1-von-48-866x1024.jpg\" alt=\"\" class=\"wp-image-159\" srcset=\"https:\/\/www.astronomieschule.de\/museum\/wp-content\/uploads\/2020\/06\/LegoinSpace-1-von-48-866x1024.jpg 866w, https:\/\/www.astronomieschule.de\/museum\/wp-content\/uploads\/2020\/06\/LegoinSpace-1-von-48-254x300.jpg 254w, https:\/\/www.astronomieschule.de\/museum\/wp-content\/uploads\/2020\/06\/LegoinSpace-1-von-48-768x909.jpg 768w\" sizes=\"(max-width: 866px) 100vw, 866px\" \/><figcaption>Lego Set Nr. 358 von 1973<\/figcaption><\/figure>\n\n\n\n<figure class=\"wp-block-image\"><img loading=\"lazy\" width=\"1024\" height=\"977\" src=\"https:\/\/www.astronomieschule.de\/museum\/wp-content\/uploads\/2020\/06\/LegoinSpace-2-von-48-1024x977.jpg\" alt=\"\" class=\"wp-image-160\" srcset=\"https:\/\/www.astronomieschule.de\/museum\/wp-content\/uploads\/2020\/06\/LegoinSpace-2-von-48-1024x977.jpg 1024w, https:\/\/www.astronomieschule.de\/museum\/wp-content\/uploads\/2020\/06\/LegoinSpace-2-von-48-300x286.jpg 300w, https:\/\/www.astronomieschule.de\/museum\/wp-content\/uploads\/2020\/06\/LegoinSpace-2-von-48-768x733.jpg 768w\" sizes=\"(max-width: 1024px) 100vw, 1024px\" \/><figcaption>Lego Set Nr. 367 von 1975.<\/figcaption><\/figure>\n\n\n\n<figure class=\"wp-block-image\"><img loading=\"lazy\" width=\"1024\" height=\"805\" src=\"https:\/\/www.astronomieschule.de\/museum\/wp-content\/uploads\/2020\/06\/LegoinSpace-3-von-48-1-1024x805.jpg\" alt=\"\" class=\"wp-image-207\" srcset=\"https:\/\/www.astronomieschule.de\/museum\/wp-content\/uploads\/2020\/06\/LegoinSpace-3-von-48-1-1024x805.jpg 1024w, https:\/\/www.astronomieschule.de\/museum\/wp-content\/uploads\/2020\/06\/LegoinSpace-3-von-48-1-300x236.jpg 300w\" sizes=\"(max-width: 1024px) 100vw, 1024px\" \/><figcaption> Lego Set Nr. 367 von 1975. <\/figcaption><\/figure>\n\n\n\n<p>Erst 2003 griff Lego die aktuelle Raumfahrt wieder auf. Dem Apollo Program wurden zwei Sets gewidmet. Das Set 7468 bestand aus vier Modellen, der Saturn V Rakete, dem Apollo Command and Service Module, der Mondlandef\u00e4hre, sowie den ab Apollo 15 eingesetzen Mondrover.<\/p>\n\n\n\n<figure class=\"wp-block-image\"><img loading=\"lazy\" width=\"596\" height=\"1024\" src=\"https:\/\/www.astronomieschule.de\/museum\/wp-content\/uploads\/2020\/06\/LegoinSpace-4-von-48-596x1024.jpg\" alt=\"\" class=\"wp-image-162\" srcset=\"https:\/\/www.astronomieschule.de\/museum\/wp-content\/uploads\/2020\/06\/LegoinSpace-4-von-48-596x1024.jpg 596w, https:\/\/www.astronomieschule.de\/museum\/wp-content\/uploads\/2020\/06\/LegoinSpace-4-von-48-175x300.jpg 175w, https:\/\/www.astronomieschule.de\/museum\/wp-content\/uploads\/2020\/06\/LegoinSpace-4-von-48-768x1319.jpg 768w\" sizes=\"(max-width: 596px) 100vw, 596px\" \/><figcaption>Lego Set Nr. 7468 von 2003<\/figcaption><\/figure>\n\n\n\n<p>Beeindruckend war das Modell der Mondlandef\u00e4hre aus dem Set Nr. 10029. Es besteht aus zwei Teilen, dem Landgestell, das auf dem Mond verblieb und der R\u00fcckkehrkapsel, die die zwei Astronauten wieder zur\u00fcck in den Mondorbit brachte. Zwei Minifig Astronauten und das Sternenbanner machten das Set komplett. Sicherlich hatten man in der Gr\u00f6\u00dfe noch einige der auf dem Mond durchgef\u00fchrte Experimente beilegen k\u00f6nnen. <\/p>\n\n\n\n<figure class=\"wp-block-image\"><img loading=\"lazy\" width=\"892\" height=\"1024\" src=\"https:\/\/www.astronomieschule.de\/museum\/wp-content\/uploads\/2020\/06\/LegoinSpace-5-von-48-892x1024.jpg\" alt=\"\" class=\"wp-image-163\" srcset=\"https:\/\/www.astronomieschule.de\/museum\/wp-content\/uploads\/2020\/06\/LegoinSpace-5-von-48-892x1024.jpg 892w, https:\/\/www.astronomieschule.de\/museum\/wp-content\/uploads\/2020\/06\/LegoinSpace-5-von-48-261x300.jpg 261w, https:\/\/www.astronomieschule.de\/museum\/wp-content\/uploads\/2020\/06\/LegoinSpace-5-von-48-768x882.jpg 768w\" sizes=\"(max-width: 892px) 100vw, 892px\" \/><figcaption> Lego Set Nr. 10029 von 2003. <\/figcaption><\/figure>\n\n\n\n<p>2017 brachte Lego aus weiteres Modell zum Thema Mondlandung heraus. Dieses Modell ging auf die Idea eines Leog Fans zur\u00fcck, das bei Lego Ideas die entsprechenden Unterst\u00fctzung erhalten hat und von Lego produziert wurde. Es war ein 110 cm hohes Modell der Saturn V Rakete mit der Set Nr. 21309. <\/p>\n\n\n\n<figure class=\"wp-block-image\"><img loading=\"lazy\" width=\"1024\" height=\"188\" src=\"https:\/\/www.astronomieschule.de\/museum\/wp-content\/uploads\/2020\/07\/LegoinSpace-55-von-22-1024x188.jpg\" alt=\"\" class=\"wp-image-261\" srcset=\"https:\/\/www.astronomieschule.de\/museum\/wp-content\/uploads\/2020\/07\/LegoinSpace-55-von-22-1024x188.jpg 1024w, https:\/\/www.astronomieschule.de\/museum\/wp-content\/uploads\/2020\/07\/LegoinSpace-55-von-22-300x55.jpg 300w, https:\/\/www.astronomieschule.de\/museum\/wp-content\/uploads\/2020\/07\/LegoinSpace-55-von-22-768x141.jpg 768w\" sizes=\"(max-width: 1024px) 100vw, 1024px\" \/><figcaption>Saturn V Rakete der NASA, Lego Ides Set Nr. 21309 von 2017<\/figcaption><\/figure>\n\n\n\n<p>Dieses Set beinhaltete nicht nur einfach die Saturn V Rakete, sondern auch eine kleine Mondlandef\u00e4hre und eine Minimondlandschaft mit kleinen Astronauten, sowie ein Diorama mit der gewasserten Kommandokapsel. Die Rakete l\u00e4sst sich in ihre drei Startstufen teilen und man kann ebenfalls die Mondlandef\u00e4hre in der obersten Stufe betrachten.<\/p>\n\n\n\n<figure class=\"wp-block-image\"><img loading=\"lazy\" width=\"1024\" height=\"221\" src=\"https:\/\/www.astronomieschule.de\/museum\/wp-content\/uploads\/2020\/07\/image-1024x221.jpeg\" alt=\"\" class=\"wp-image-214\" srcset=\"https:\/\/www.astronomieschule.de\/museum\/wp-content\/uploads\/2020\/07\/image-1024x221.jpeg 1024w, https:\/\/www.astronomieschule.de\/museum\/wp-content\/uploads\/2020\/07\/image-300x65.jpeg 300w, https:\/\/www.astronomieschule.de\/museum\/wp-content\/uploads\/2020\/07\/image-768x166.jpeg 768w\" sizes=\"(max-width: 1024px) 100vw, 1024px\" \/><figcaption>Die drei Stufen der Saturn V.<\/figcaption><\/figure>\n\n\n\n<figure class=\"wp-block-image\"><img loading=\"lazy\" width=\"1024\" height=\"324\" src=\"https:\/\/www.astronomieschule.de\/museum\/wp-content\/uploads\/2020\/07\/LegoinSpace-59-von-22-1024x324.jpg\" alt=\"\" class=\"wp-image-265\" srcset=\"https:\/\/www.astronomieschule.de\/museum\/wp-content\/uploads\/2020\/07\/LegoinSpace-59-von-22-1024x324.jpg 1024w, https:\/\/www.astronomieschule.de\/museum\/wp-content\/uploads\/2020\/07\/LegoinSpace-59-von-22-300x95.jpg 300w, https:\/\/www.astronomieschule.de\/museum\/wp-content\/uploads\/2020\/07\/LegoinSpace-59-von-22-768x243.jpg 768w\" sizes=\"(max-width: 1024px) 100vw, 1024px\" \/><figcaption>Die oberste Stufe mit der Mondlandef\u00e4hre.<\/figcaption><\/figure>\n\n\n\n<figure class=\"wp-block-image\"><img loading=\"lazy\" width=\"1024\" height=\"768\" src=\"https:\/\/www.astronomieschule.de\/museum\/wp-content\/uploads\/2020\/07\/LegoinSpace-60-von-22-1024x768.jpg\" alt=\"\" class=\"wp-image-266\" srcset=\"https:\/\/www.astronomieschule.de\/museum\/wp-content\/uploads\/2020\/07\/LegoinSpace-60-von-22-1024x768.jpg 1024w, https:\/\/www.astronomieschule.de\/museum\/wp-content\/uploads\/2020\/07\/LegoinSpace-60-von-22-300x225.jpg 300w, https:\/\/www.astronomieschule.de\/museum\/wp-content\/uploads\/2020\/07\/LegoinSpace-60-von-22-768x576.jpg 768w\" sizes=\"(max-width: 1024px) 100vw, 1024px\" \/><figcaption>Die Mondlandef\u00e4hre mit den Astronauten.<\/figcaption><\/figure>\n\n\n\n<figure class=\"wp-block-image\"><img loading=\"lazy\" width=\"1024\" height=\"768\" src=\"https:\/\/www.astronomieschule.de\/museum\/wp-content\/uploads\/2020\/07\/LegoinSpace-62-von-22-1024x768.jpg\" alt=\"\" class=\"wp-image-268\" srcset=\"https:\/\/www.astronomieschule.de\/museum\/wp-content\/uploads\/2020\/07\/LegoinSpace-62-von-22-1024x768.jpg 1024w, https:\/\/www.astronomieschule.de\/museum\/wp-content\/uploads\/2020\/07\/LegoinSpace-62-von-22-300x225.jpg 300w, https:\/\/www.astronomieschule.de\/museum\/wp-content\/uploads\/2020\/07\/LegoinSpace-62-von-22-768x576.jpg 768w\" sizes=\"(max-width: 1024px) 100vw, 1024px\" \/><figcaption>Die Kommandokapsel nach der &#8222;Landung&#8220;.<\/figcaption><\/figure>\n\n\n\n<p>Passend zum 50. Jubil\u00e4um der Mondlandung von Apollo 11 am 20. Juli 1969, brachte Leog ein neues Modell der Mondlandef\u00e4hre Eagle heraus. Dieses Lego Creator Modell Nr. 10266 zeigte mehr Deatils als das Modell von 2003. Die Farbgebeung ist realistischer. Das Modell steht auf einer kleinen Mondlandschaft. Zwei Astronauten Minifiguren, eine Fahne ist bei dem Modell dabei. Die F\u00e4hre l\u00e4sst sich in die Landestufe und die Startstufe teilen. In der Landestufe sind zwei Klappf\u00e4cher. Das ein enth\u00e4lt die automatische Filmkamera, die den Ausstieg von Neil Armstrong festhielt. Die andere Klappe gibt ein Experiment frei. <\/p>\n\n\n\n<figure class=\"wp-block-image\"><img loading=\"lazy\" width=\"941\" height=\"1024\" src=\"https:\/\/www.astronomieschule.de\/museum\/wp-content\/uploads\/2020\/06\/LegoinSpace-7-von-48-941x1024.jpg\" alt=\"\" class=\"wp-image-165\" srcset=\"https:\/\/www.astronomieschule.de\/museum\/wp-content\/uploads\/2020\/06\/LegoinSpace-7-von-48-941x1024.jpg 941w, https:\/\/www.astronomieschule.de\/museum\/wp-content\/uploads\/2020\/06\/LegoinSpace-7-von-48-276x300.jpg 276w, https:\/\/www.astronomieschule.de\/museum\/wp-content\/uploads\/2020\/06\/LegoinSpace-7-von-48-768x836.jpg 768w\" sizes=\"(max-width: 941px) 100vw, 941px\" \/><figcaption>Lego Ideas Set Nr. 10266 von 2019<\/figcaption><\/figure>\n\n\n\n<figure class=\"wp-block-image\"><img loading=\"lazy\" width=\"887\" height=\"1024\" src=\"https:\/\/www.astronomieschule.de\/museum\/wp-content\/uploads\/2020\/06\/LegoinSpace-8-von-48-887x1024.jpg\" alt=\"\" class=\"wp-image-166\" srcset=\"https:\/\/www.astronomieschule.de\/museum\/wp-content\/uploads\/2020\/06\/LegoinSpace-8-von-48-887x1024.jpg 887w, https:\/\/www.astronomieschule.de\/museum\/wp-content\/uploads\/2020\/06\/LegoinSpace-8-von-48-260x300.jpg 260w, https:\/\/www.astronomieschule.de\/museum\/wp-content\/uploads\/2020\/06\/LegoinSpace-8-von-48-768x886.jpg 768w\" sizes=\"(max-width: 887px) 100vw, 887px\" \/><\/figure>\n\n\n\n<h2>Die Space Shuttle \u00c4ra<\/h2>\n\n\n\n<h2>Internationale Raumstation ISS<\/h2>\n\n\n\n<h2>Robotmissionen ins Sonnensystem<\/h2>\n\n\n\n<h2>Moon, Mars and beyond <\/h2>\n","protected":false},"excerpt":{"rendered":"<p>Raumfahrtgeschichte mit Lego erz\u00e4hlt. Lego in Space ist eine Ausstellung, mit der wir die Raumfahrtgeschichte anhand verschiedener Legomodelle erz\u00e4hlen. Seit 1973 hat hat die d\u00e4nische Spielzeugfirma Lego immer wieder die Raumfahrt in ihr Programm aufgegriffen, sei es mit futuristschen Modellen oder mit solchen an der realen Raumfahrt angelehnten Modellen. Die Apollo Mondlandungen, Space Shuttle, die [&hellip;]<\/p>\n","protected":false},"author":1,"featured_media":0,"parent":0,"menu_order":0,"comment_status":"closed","ping_status":"closed","template":"","meta":{"_genesis_hide_title":false,"_genesis_hide_breadcrumbs":false,"_genesis_hide_singular_image":false,"_genesis_hide_footer_widgets":false,"_genesis_custom_body_class":"","_genesis_custom_post_class":"","_genesis_layout":""},"_links":{"self":[{"href":"https:\/\/www.astronomieschule.de\/museum\/wp-json\/wp\/v2\/pages\/146"}],"collection":[{"href":"https:\/\/www.astronomieschule.de\/museum\/wp-json\/wp\/v2\/pages"}],"about":[{"href":"https:\/\/www.astronomieschule.de\/museum\/wp-json\/wp\/v2\/types\/page"}],"author":[{"embeddable":true,"href":"https:\/\/www.astronomieschule.de\/museum\/wp-json\/wp\/v2\/users\/1"}],"replies":[{"embeddable":true,"href":"https:\/\/www.astronomieschule.de\/museum\/wp-json\/wp\/v2\/comments?post=146"}],"version-history":[{"count":8,"href":"https:\/\/www.astronomieschule.de\/museum\/wp-json\/wp\/v2\/pages\/146\/revisions"}],"predecessor-version":[{"id":296,"href":"https:\/\/www.astronomieschule.de\/museum\/wp-json\/wp\/v2\/pages\/146\/revisions\/296"}],"wp:attachment":[{"href":"https:\/\/www.astronomieschule.de\/museum\/wp-json\/wp\/v2\/media?parent=146"}],"curies":[{"name":"wp","href":"https:\/\/api.w.org\/{rel}","templated":true}]}}