{"id":210,"date":"2020-07-01T10:22:11","date_gmt":"2020-07-01T08:22:11","guid":{"rendered":"http:\/\/www.astronomieschule.de\/museum\/?page_id=210"},"modified":"2020-07-09T12:44:41","modified_gmt":"2020-07-09T10:44:41","slug":"apollo-mondmission","status":"publish","type":"page","link":"https:\/\/www.astronomieschule.de\/museum\/lego-in-space\/apollo-mondmission\/","title":{"rendered":"Apollo Mondmission"},"content":{"rendered":"\n<figure class=\"wp-block-image\"><img loading=\"lazy\" width=\"596\" height=\"1024\" src=\"https:\/\/www.astronomieschule.de\/museum\/wp-content\/uploads\/2020\/06\/LegoinSpace-4-von-48-596x1024.jpg\" alt=\"\" class=\"wp-image-162\" srcset=\"https:\/\/www.astronomieschule.de\/museum\/wp-content\/uploads\/2020\/06\/LegoinSpace-4-von-48-596x1024.jpg 596w, https:\/\/www.astronomieschule.de\/museum\/wp-content\/uploads\/2020\/06\/LegoinSpace-4-von-48-175x300.jpg 175w, https:\/\/www.astronomieschule.de\/museum\/wp-content\/uploads\/2020\/06\/LegoinSpace-4-von-48-768x1319.jpg 768w\" sizes=\"(max-width: 596px) 100vw, 596px\" \/><figcaption>  <strong>Lego Set 7468, 2003<\/strong>  <br><strong>Apollo Saturn V, Apollo Command und Service Modul, Apollo Mondlandef\u00e4hre und Mondrover.<\/strong> <\/figcaption><\/figure>\n\n\n\n<p>Im April des Jahres 1961 gelang es der Sowjetunion mit Juri Gagarin einen Menschen ins All zu bringen. Die Amerikaner zogen Monate sp\u00e4ter nach. Eine Reaktion der Amerikaner auf den Erfolg der Sowjets war die Verk\u00fcndung der Mondlandung. US Pr\u00e4sident John F. Kennedy schwor seine Nation 1961 dazu ein, bis zum Ende der 1960 Jahre Menschen auf den Mond bringen und wieder sicher zur\u00fcck zur Erde. Die USA wollte auf diesem Weg den Vorsprung der UdSSR im Wettlauf zum Mond aufholen und ihre Stellung als Industrie- und Weltmacht behaupten. <br>Das Apollo Program sollte die f\u00fcr eine erfolgreiche Mondlandung notwendige Technik entwickeln und die ausgw\u00e4hlten Astronauten trainieren. Das Programm beinhaltete die Entwicklung einer starken Tr\u00e4gerrakete, eines Raumschiffes f\u00fcr den Flug zum Mond und zur R\u00fcckkehr zur Erde, eines Mondlandfahrzeugs, eines Mondrovers und eines Astronautenanzugs f\u00fcr Au\u00dfenaktivit\u00e4ten auf dem Mond. Die Astronauten sollten auf dem Mond wissenschaftliche Experimente aufbauen um die Umweltverh\u00e4ltnisse dort zu untersuchen und Gesteinsproben sammeln.<br><br>Als Tr\u00e4gerrakten wurden die Saturn IB f\u00fcr Test in der Erdumlaufbahn, sowie die st\u00e4rkere Saturn V gebaut. Das Apollo Raumschiff bestand aus der Kommandokapsel, die am Schluss einer Mission die Astronauten wieder sicher zur Erde brachten, sowie dem Servicemodul, das sowohl Triebwerk, Steuermodule, Treibstoff, Sauerstoff, Wasser etc. bereithielt. Die Mondlandf\u00e4hre bestand aus zwei Teilen, der Landestufe, die nach der Landung auf dem Mond verblieb und der R\u00fcckkehrstufe, die die Astronauten zur\u00fcck zum Mutterschiff brachte. Die Landestufe beinhaltete ebenfalls die auf dem Mond aufzubauenden Experimente und ab Apollo 15 auch den Mondrover, der den Astronauten einen gr\u00f6\u00dferen Aktionsradius auf dem Mond erlaubte.<\/p>\n\n\n\n<p>Ab 1966 wurden die Tr\u00e4gerrakten und auch das Kommando- und Servicemodul mit unbemannten Fl\u00fcgen getestet. Zun\u00e4chst wurde die Saturn IB getestet, ab 1967 dann auch die st\u00e4rkere Saturn V. <br>Der erste bemannte Testflug mit dem Kommando und Servicemodul sollte mit Apollo 1 geschehen. Leider kam es bei einen Starttest am 27. Januar 1967 zur einer Brandkatastrophe in der Apollokapsel bei der die drei Astronuaten Virgil Grissom, Edward White und Edgar B. Chaffee zum Opfer fielen.<br>Gut 18 Monate sp\u00e4ter ging Apollo 7 am 11. Oktober 1968 mit Walter M. Schirra, Donn F. Eisele und Walter Cunningham an den Start um das Apollo Raumschiff in der Erdumlaufbahn zu testen.<br>Die am 21. Dezember 1968 von Cape Caneveral gestartete Apollo 8 Mission mit Frank Borman, James A. Lovell, William A. Anders sollte eigentlich das Mondlandemodul im Erdorbit testen. Da der amerikanische Geheimdienst allerdings im sowjetischen Kosmodrom Baikonur Vorbereitungen f\u00fcr den Start der sowjetischen Mondrakete N1 beobachtete, wurde das Missionsziel umformuliert. Die Astronauten sollten nun, ohne Mondlandef\u00e4hre in Richtung Mond fliegen und diesen umrunden, da man bef\u00fcchrtete die Sowjets k\u00f6nnten als erste den Mond erreichen. Allerdings war dies nur ein unbmannter Startversuch der Sowjets und dieser wurde wegen technischer Probleme abgebrochen.<br>Am 24. Dezember 1968 umrundete Apollo 8 den Mond. 3 Tage sp\u00e4ter kehrten die Astronauten zur Erde zur\u00fcck.<br>Apollo 9 (3. M\u00e4rz 1969 &#8211; 13. M\u00e4rz 1969) mit den Astronauten James R. McDivitt, David R. Scott und Russell L. Schweickart testeten das Zusammenspiel zwischen Kommando und Servicemodul und Mondlandef\u00e4hre in der Erdumlaufbahn als Vorbereitung zur Mondlandung. <br>Am 18. Mai 1969 (- 26. Mai 1969) startete Apollo 10 Richtung Mond. Thomas P. Stafford, John W. Young und Eugene A. Cernan spielten die sp\u00e4tere Mondlandung durch. Die Mondlandef\u00e4hre n\u00e4herte sich der Mondoberfl\u00e4che, landeten allerdings noch nicht. Die Landestufe der F\u00e4hre wurde abgetrennt und die R\u00fcckkehrstufe flog zur\u00fcck zur Apollokapsel.<br>Erst mit Apollo 11 (16. Juli 1969 &#8211; 24. Juli 1969) wurde die erste Mondlandung am 20. Juli 1969 durchgef\u00fchrt und Neil Armstrong betrat als erster Mensch den Mond. Ihm folgten bis 1972 11 weitere Menschen.<br><\/p>\n","protected":false},"excerpt":{"rendered":"<p>Im April des Jahres 1961 gelang es der Sowjetunion mit Juri Gagarin einen Menschen ins All zu bringen. Die Amerikaner zogen Monate sp\u00e4ter nach. Eine Reaktion der Amerikaner auf den Erfolg der Sowjets war die Verk\u00fcndung der Mondlandung. US Pr\u00e4sident John F. Kennedy schwor seine Nation 1961 dazu ein, bis zum Ende der 1960 Jahre [&hellip;]<\/p>\n","protected":false},"author":1,"featured_media":0,"parent":146,"menu_order":0,"comment_status":"closed","ping_status":"closed","template":"","meta":{"_genesis_hide_title":false,"_genesis_hide_breadcrumbs":false,"_genesis_hide_singular_image":false,"_genesis_hide_footer_widgets":false,"_genesis_custom_body_class":"","_genesis_custom_post_class":"","_genesis_layout":""},"_links":{"self":[{"href":"https:\/\/www.astronomieschule.de\/museum\/wp-json\/wp\/v2\/pages\/210"}],"collection":[{"href":"https:\/\/www.astronomieschule.de\/museum\/wp-json\/wp\/v2\/pages"}],"about":[{"href":"https:\/\/www.astronomieschule.de\/museum\/wp-json\/wp\/v2\/types\/page"}],"author":[{"embeddable":true,"href":"https:\/\/www.astronomieschule.de\/museum\/wp-json\/wp\/v2\/users\/1"}],"replies":[{"embeddable":true,"href":"https:\/\/www.astronomieschule.de\/museum\/wp-json\/wp\/v2\/comments?post=210"}],"version-history":[{"count":5,"href":"https:\/\/www.astronomieschule.de\/museum\/wp-json\/wp\/v2\/pages\/210\/revisions"}],"predecessor-version":[{"id":302,"href":"https:\/\/www.astronomieschule.de\/museum\/wp-json\/wp\/v2\/pages\/210\/revisions\/302"}],"up":[{"embeddable":true,"href":"https:\/\/www.astronomieschule.de\/museum\/wp-json\/wp\/v2\/pages\/146"}],"wp:attachment":[{"href":"https:\/\/www.astronomieschule.de\/museum\/wp-json\/wp\/v2\/media?parent=210"}],"curies":[{"name":"wp","href":"https:\/\/api.w.org\/{rel}","templated":true}]}}