{"id":219,"date":"2020-07-01T10:23:31","date_gmt":"2020-07-01T08:23:31","guid":{"rendered":"http:\/\/www.astronomieschule.de\/museum\/?page_id=219"},"modified":"2020-07-03T09:45:55","modified_gmt":"2020-07-03T07:45:55","slug":"space-shuttle","status":"publish","type":"page","link":"https:\/\/www.astronomieschule.de\/museum\/lego-in-space\/space-shuttle\/","title":{"rendered":"Space Shuttle"},"content":{"rendered":"\n<div class=\"wp-block-image\"><figure class=\"aligncenter\"><img loading=\"lazy\" width=\"472\" height=\"1024\" src=\"https:\/\/www.astronomieschule.de\/museum\/wp-content\/uploads\/2020\/07\/image-2-472x1024.jpeg\" alt=\"\" class=\"wp-image-220\" srcset=\"https:\/\/www.astronomieschule.de\/museum\/wp-content\/uploads\/2020\/07\/image-2-472x1024.jpeg 472w, https:\/\/www.astronomieschule.de\/museum\/wp-content\/uploads\/2020\/07\/image-2-138x300.jpeg 138w, https:\/\/www.astronomieschule.de\/museum\/wp-content\/uploads\/2020\/07\/image-2-768x1665.jpeg 768w, https:\/\/www.astronomieschule.de\/museum\/wp-content\/uploads\/2020\/07\/image-2.jpeg 1918w\" sizes=\"(max-width: 472px) 100vw, 472px\" \/><figcaption>Space Shuttle Adventure in Startaufstellung, Lego Creator 10213, 2010<\/figcaption><\/figure><\/div>\n\n\n\n<p><strong>Nach dem Ende der Apollo Mondfl\u00fcge entwickelte die NASA das Space Shuttle als wiederverwendbares Raumfahrzeug f\u00fcr Fl\u00fcge in den Erdorbit. Es sollte g\u00fcnstig Nutzlast, wie Satelliten, Weltraumsonden und auch Baumaterial f\u00fcr eine Raumstation ins All bringen. Das Shuttle startete wie eine Rakete, da an dem Shuttle neben dem r\u00f6tlichen Au\u00dfentank noch zwei Feststoffbooster zu Unterst\u00fctzung angebracht waren. Nach Abschluss einer Mission landete das Shuttle wie ein Flugzeug. <\/strong> <\/p>\n\n\n\n<p>\n<strong>Im\nApril 1981 flog das Space Shuttle Columbia zum ersten Mal in den\nWeltraum. <br>\nIm November 1983 flog der deutsche Astronaut Ulf\nMerbold mit der Columbia. <\/strong><strong>Im Bauch der Columbia war das\neurop\u00e4ische Spacelab Forschungsmodul. Das Space Shuttle versorgte\ndie russische Raumstation MIR und half beim Aufbau der\nInternationalen Raumstation ISS. <\/strong><strong>Im Juli 2011 wurde das\nProgramm <\/strong><strong>nach der Landung der Atlantis <\/strong><strong>eingestellt.<\/strong><\/p>\n","protected":false},"excerpt":{"rendered":"<p>Nach dem Ende der Apollo Mondfl\u00fcge entwickelte die NASA das Space Shuttle als wiederverwendbares Raumfahrzeug f\u00fcr Fl\u00fcge in den Erdorbit. Es sollte g\u00fcnstig Nutzlast, wie Satelliten, Weltraumsonden und auch Baumaterial f\u00fcr eine Raumstation ins All bringen. Das Shuttle startete wie eine Rakete, da an dem Shuttle neben dem r\u00f6tlichen Au\u00dfentank noch zwei Feststoffbooster zu Unterst\u00fctzung [&hellip;]<\/p>\n","protected":false},"author":1,"featured_media":0,"parent":146,"menu_order":0,"comment_status":"closed","ping_status":"closed","template":"","meta":{"_genesis_hide_title":false,"_genesis_hide_breadcrumbs":false,"_genesis_hide_singular_image":false,"_genesis_hide_footer_widgets":false,"_genesis_custom_body_class":"","_genesis_custom_post_class":"","_genesis_layout":""},"_links":{"self":[{"href":"https:\/\/www.astronomieschule.de\/museum\/wp-json\/wp\/v2\/pages\/219"}],"collection":[{"href":"https:\/\/www.astronomieschule.de\/museum\/wp-json\/wp\/v2\/pages"}],"about":[{"href":"https:\/\/www.astronomieschule.de\/museum\/wp-json\/wp\/v2\/types\/page"}],"author":[{"embeddable":true,"href":"https:\/\/www.astronomieschule.de\/museum\/wp-json\/wp\/v2\/users\/1"}],"replies":[{"embeddable":true,"href":"https:\/\/www.astronomieschule.de\/museum\/wp-json\/wp\/v2\/comments?post=219"}],"version-history":[{"count":3,"href":"https:\/\/www.astronomieschule.de\/museum\/wp-json\/wp\/v2\/pages\/219\/revisions"}],"predecessor-version":[{"id":247,"href":"https:\/\/www.astronomieschule.de\/museum\/wp-json\/wp\/v2\/pages\/219\/revisions\/247"}],"up":[{"embeddable":true,"href":"https:\/\/www.astronomieschule.de\/museum\/wp-json\/wp\/v2\/pages\/146"}],"wp:attachment":[{"href":"https:\/\/www.astronomieschule.de\/museum\/wp-json\/wp\/v2\/media?parent=219"}],"curies":[{"name":"wp","href":"https:\/\/api.w.org\/{rel}","templated":true}]}}