{"id":225,"date":"2020-07-01T10:22:47","date_gmt":"2020-07-01T08:22:47","guid":{"rendered":"http:\/\/www.astronomieschule.de\/museum\/?page_id=225"},"modified":"2020-07-03T09:47:32","modified_gmt":"2020-07-03T07:47:32","slug":"internationale-raumstation-2020","status":"publish","type":"page","link":"https:\/\/www.astronomieschule.de\/museum\/lego-in-space\/internationale-raumstation-2020\/","title":{"rendered":"Internationale Raumstation 2020"},"content":{"rendered":"\n<figure class=\"wp-block-image\"><img loading=\"lazy\" width=\"1024\" height=\"466\" src=\"https:\/\/www.astronomieschule.de\/museum\/wp-content\/uploads\/2020\/07\/image-4-1024x466.jpeg\" alt=\"\" class=\"wp-image-226\" srcset=\"https:\/\/www.astronomieschule.de\/museum\/wp-content\/uploads\/2020\/07\/image-4-1024x466.jpeg 1024w, https:\/\/www.astronomieschule.de\/museum\/wp-content\/uploads\/2020\/07\/image-4-300x136.jpeg 300w, https:\/\/www.astronomieschule.de\/museum\/wp-content\/uploads\/2020\/07\/image-4-768x349.jpeg 768w\" sizes=\"(max-width: 1024px) 100vw, 1024px\" \/><figcaption>  <strong>Lego Ideas Set 21321, 2020<\/strong> <\/figcaption><\/figure>\n\n\n\n<p><strong>Die Raumstation umkreist in einer H\u00f6he von 400 km die Erde und braucht f\u00fcr einen Umlauf gut 93 Minuten. Sie ist eine internationale Forschungsplattform, in der Erdbeobachtung, medizinische Forschung, Materialforschung und mehr betrieben wird. Bislang waren drei deutsche ESA Astronauten auf der ISS, darunter Thomas Reiter, Hans Schlegel und Alexander Gerst. Gerst flog 2014 und 2018 zur ISS. Bei seinem zweiten Aufenthalt \u00fcbernahm er als erster Deutsche und zweiter Europ\u00e4er das Kommando \u00fcber die ISS. ESA Astronaut Matthias Maurer wird bald der 4. Deutsche auf der ISS werden.<\/strong><\/p>\n","protected":false},"excerpt":{"rendered":"<p>Die Raumstation umkreist in einer H\u00f6he von 400 km die Erde und braucht f\u00fcr einen Umlauf gut 93 Minuten. Sie ist eine internationale Forschungsplattform, in der Erdbeobachtung, medizinische Forschung, Materialforschung und mehr betrieben wird. Bislang waren drei deutsche ESA Astronauten auf der ISS, darunter Thomas Reiter, Hans Schlegel und Alexander Gerst. Gerst flog 2014 und [&hellip;]<\/p>\n","protected":false},"author":1,"featured_media":0,"parent":146,"menu_order":0,"comment_status":"closed","ping_status":"closed","template":"","meta":{"_genesis_hide_title":false,"_genesis_hide_breadcrumbs":false,"_genesis_hide_singular_image":false,"_genesis_hide_footer_widgets":false,"_genesis_custom_body_class":"","_genesis_custom_post_class":"","_genesis_layout":""},"_links":{"self":[{"href":"https:\/\/www.astronomieschule.de\/museum\/wp-json\/wp\/v2\/pages\/225"}],"collection":[{"href":"https:\/\/www.astronomieschule.de\/museum\/wp-json\/wp\/v2\/pages"}],"about":[{"href":"https:\/\/www.astronomieschule.de\/museum\/wp-json\/wp\/v2\/types\/page"}],"author":[{"embeddable":true,"href":"https:\/\/www.astronomieschule.de\/museum\/wp-json\/wp\/v2\/users\/1"}],"replies":[{"embeddable":true,"href":"https:\/\/www.astronomieschule.de\/museum\/wp-json\/wp\/v2\/comments?post=225"}],"version-history":[{"count":3,"href":"https:\/\/www.astronomieschule.de\/museum\/wp-json\/wp\/v2\/pages\/225\/revisions"}],"predecessor-version":[{"id":249,"href":"https:\/\/www.astronomieschule.de\/museum\/wp-json\/wp\/v2\/pages\/225\/revisions\/249"}],"up":[{"embeddable":true,"href":"https:\/\/www.astronomieschule.de\/museum\/wp-json\/wp\/v2\/pages\/146"}],"wp:attachment":[{"href":"https:\/\/www.astronomieschule.de\/museum\/wp-json\/wp\/v2\/media?parent=225"}],"curies":[{"name":"wp","href":"https:\/\/api.w.org\/{rel}","templated":true}]}}