{"id":82,"date":"2018-06-18T12:21:54","date_gmt":"2018-06-18T10:21:54","guid":{"rendered":"http:\/\/www.astronomieschule.de\/museum\/?page_id=82"},"modified":"2020-10-15T12:51:32","modified_gmt":"2020-10-15T10:51:32","slug":"datenschutzerklaerung","status":"publish","type":"page","link":"https:\/\/www.astronomieschule.de\/museum\/datenschutzerklaerung\/","title":{"rendered":"Datenschutzerkl\u00e4rung"},"content":{"rendered":"<p>Unsere Webseiten nehmen die Themen Datenschutz und Privatsph\u00e4re sehr ernst.<\/p>\n<p>1. Wir verwenden keine sogenannte Tracking Cookies auf unseren Webseiten. Google Analytics wird ebenfalls von uns nicht eingesetzt.<\/p>\n<p>2. Wir verwenden einen Cookie, um zu verhindern, dass Sie mehrfach Willkommensmeldungen sehen. Dieser Cookie beinhaltet keine pers\u00f6nlichen Informationen<\/p>\n<p>3. Wenn Sie einen Kommentar auf einem Blogbeitrag hinterlassen, werden die eingegebenen Informationen (Name, E-Mail-Adresse, Webseite) auf unserem Server gespeichert. Dies ist notwendig, damit der Kommentar im Blog erscheint. Die Information wird m\u00f6glicherweise auch in einem Cookie gespeichert.<\/p>\n<p>4. Wenn Sie uns per Kontaktformular Anfragen zukommen lassen, werden Ihre Angaben aus dem Anfrageformular inklusive der von Ihnen dort angegebenen Kontaktdaten zwecks Bearbeitung der Anfrage und f\u00fcr den Fall von Anschlussfragen bei uns gespeichert. Diese Daten geben wir nicht ohne Ihre Einwilligung weiter.<\/p>\n<p>Die Verarbeitung dieser Daten erfolgt auf Grundlage von Art. 6 Abs. 1 lit. b DSGVO, sofern Ihre Anfrage mit der Erf\u00fcllung eines Vertrags zusammenh\u00e4ngt oder zur Durchf\u00fchrung vorvertraglicher Ma\u00dfnahmen erforderlich ist. In allen \u00fcbrigen F\u00e4llen beruht die Verarbeitung auf unserem berechtigten Interesse an der effektiven Bearbeitung der an uns gerichteten Anfragen (Art. 6 Abs. 1 lit. f DSGVO) oder auf Ihrer Einwilligung (Art. 6 Abs. 1 lit. a DSGVO) sofern diese abgefragt wurde.<\/p>\n<p>Die von Ihnen im Kontaktformular eingegebenen Daten verbleiben bei uns, bis Sie uns zur L\u00f6schung auffordern, Ihre Einwilligung zur Speicherung widerrufen oder der Zweck f\u00fcr die Datenspeicherung entf\u00e4llt (z.\u00a0B. nach abgeschlossener Bearbeitung Ihrer Anfrage). Zwingende gesetzliche Bestimmungen \u2013 insbesondere Aufbewahrungsfristen \u2013 bleiben unber\u00fchrt.<\/p>\n<p>5. Alle unserer Webseiten haben eine Seite mit dem Namen \u201cImpressum\u201d. Diese Seite enth\u00e4lt unsere vollst\u00e4ndige Anschrift und Kontaktdaten. Diese Daten sind ebenfalls am Ende unserer E-Mails zu finden.<\/p>\n<p>6. Unsere Server befinden sich innerhalb der Europ\u00e4ischen Union bei einem deutschen Anbieter. Unsere Datensicherungen befinden sich innerhalb der Grenzen der Europ\u00e4ischen Union. In unseren sogenannten Log-Dateien werden die IP-Adressen vom Provider anonymisiert. Bei Angriffen auf unseren Webseiten, z.B. bei mehrfacher Eingabe eines falschen Kennwortes, wird die aktuelle IP-Adresse gespeichert, um den Angriff abzuwehren.<\/p>\n<p>7. Zu keiner Zeit erlauben wir Zugriff auf pers\u00f6nliche Daten durch Dritte, auch verkaufen wir solche Daten in keinerlei Form.<\/p>\n<p>8. Sie haben das Recht auf Auskunft \u00fcber die von Ihnen gespeicherten personenbezogenen Daten sowie ein Recht auf Berichtigung, Sperrung oder L\u00f6schung dieser Daten, sofern sie nicht zur Erf\u00fcllung von einer rechtlichen Verpflichtung weiter aufgehoben werden m\u00fcssen.<\/p>\n<p>Was sind Cookies?<br \/>\nCookies sind kleine Dateien, die in Ihrem Webbrowser viele Aufgaben \u00fcbernehmen. Wenn Sie sich in einer Webseite anmelden oder etwas Online kaufen, zum Beispiel. Obwohl sie meistens keine pers\u00f6nlichen Daten direkt enthalten, k\u00f6nnen sie dazu benutzt werden, zu untersuchen, wie sie sich durch eine Webseite bewegen. Einige Werbepartner k\u00f6nnen sie au\u00dferdem verwenden, um seiten\u00fcbergreifend zu sehen, welche Webseiten Sie benutzt haben. Die meisten der von uns verwendeten Cookies sind so genannte \u201eSession-Cookies\u201c \u2013 auch \u201cSitzungs-Cookies\u201d genannt. Sie werden nach Ende Ihres Besuchs automatisch gel\u00f6scht.<\/p>\n<p>Durch das Klicken auf dem nachfolgenden Feld, k\u00f6nnen Sie Ihre Zustimmung widerrufen:<\/p>\n<p style=\"text-align: center;\">\r\n            <div class=\"pea_cook_control\" style=\"color:#FFFFFF; background-color: rgba(0,0,0,0.9);\">\r\n                Cookies sind deaktiviert<br>Cookies akzeptieren, indem du auf \"Zustimmen\" im Banner klickst.\r\n            <\/div><\/p>\n","protected":false},"excerpt":{"rendered":"<p>Unsere Webseiten nehmen die Themen Datenschutz und Privatsph\u00e4re sehr ernst. 1. Wir verwenden keine sogenannte Tracking Cookies auf unseren Webseiten. Google Analytics wird ebenfalls von uns nicht eingesetzt. 2. Wir verwenden einen Cookie, um zu verhindern, dass Sie mehrfach Willkommensmeldungen sehen. Dieser Cookie beinhaltet keine pers\u00f6nlichen Informationen 3. Wenn Sie einen Kommentar auf einem Blogbeitrag [&hellip;]<\/p>\n","protected":false},"author":1,"featured_media":0,"parent":0,"menu_order":0,"comment_status":"closed","ping_status":"closed","template":"","meta":{"_genesis_hide_title":false,"_genesis_hide_breadcrumbs":false,"_genesis_hide_singular_image":false,"_genesis_hide_footer_widgets":false,"_genesis_custom_body_class":"","_genesis_custom_post_class":"","_genesis_layout":""},"_links":{"self":[{"href":"https:\/\/www.astronomieschule.de\/museum\/wp-json\/wp\/v2\/pages\/82"}],"collection":[{"href":"https:\/\/www.astronomieschule.de\/museum\/wp-json\/wp\/v2\/pages"}],"about":[{"href":"https:\/\/www.astronomieschule.de\/museum\/wp-json\/wp\/v2\/types\/page"}],"author":[{"embeddable":true,"href":"https:\/\/www.astronomieschule.de\/museum\/wp-json\/wp\/v2\/users\/1"}],"replies":[{"embeddable":true,"href":"https:\/\/www.astronomieschule.de\/museum\/wp-json\/wp\/v2\/comments?post=82"}],"version-history":[{"count":3,"href":"https:\/\/www.astronomieschule.de\/museum\/wp-json\/wp\/v2\/pages\/82\/revisions"}],"predecessor-version":[{"id":356,"href":"https:\/\/www.astronomieschule.de\/museum\/wp-json\/wp\/v2\/pages\/82\/revisions\/356"}],"wp:attachment":[{"href":"https:\/\/www.astronomieschule.de\/museum\/wp-json\/wp\/v2\/media?parent=82"}],"curies":[{"name":"wp","href":"https:\/\/api.w.org\/{rel}","templated":true}]}}